{"id":680,"date":"2023-11-03T09:30:54","date_gmt":"2023-11-03T09:30:54","guid":{"rendered":"https:\/\/abkristofic.hr\/ueber-uns\/"},"modified":"2023-11-03T09:30:55","modified_gmt":"2023-11-03T09:30:55","slug":"ueber-uns","status":"publish","type":"page","link":"https:\/\/abkristofic.hr\/de\/ueber-uns\/","title":{"rendered":"\u00dcber Uns"},"content":{"rendered":"\t\t<div data-elementor-type=\"wp-page\" data-elementor-id=\"680\" class=\"elementor elementor-680 elementor-201\" data-elementor-post-type=\"page\">\n\t\t\t\t\t\t\t\t\t<section class=\"elementor-section elementor-top-section elementor-element elementor-element-2e12d00e elementor-section-boxed elementor-section-height-default elementor-section-height-default\" data-id=\"2e12d00e\" data-element_type=\"section\">\n\t\t\t\t\t\t<div class=\"elementor-container elementor-column-gap-default\">\n\t\t\t\t\t<div class=\"elementor-column elementor-col-100 elementor-top-column elementor-element elementor-element-5aca2b46\" data-id=\"5aca2b46\" data-element_type=\"column\">\n\t\t\t<div class=\"elementor-widget-wrap elementor-element-populated\">\n\t\t\t\t\t\t\t\t<div class=\"elementor-element elementor-element-678a2b8a elementor-widget elementor-widget-text-editor\" data-id=\"678a2b8a\" data-element_type=\"widget\" data-widget_type=\"text-editor.default\">\n\t\t\t\t<div class=\"elementor-widget-container\">\n\t\t\t\t\t\t\t<p>Die Firma Architekturb\u00fcro Kristofic GmbH, gek\u00fcrzt A B K GmbH ist im Privatbesitz und wurde im Jahre 1996 gegr\u00fcndet. Zur Zeit besch\u00e4ftigt die Firma zwei Mitarbeiter.<\/p>\n<p>Hauptt\u00e4tigkeit der Firma ist Planung der Hochbauten j\u00e4glicher Art. Als Generalplaner \u00fcbernehmen wir neben den Architekten- auch die Ingenieurleistungen aller Fachdisziplinen, wie Technische Ausr\u00fcstung, Tragwerksplanung, Bauphysik, Energieberatung, Brandschutz, etc.<\/p>\n<p>Unser Ziel ist vor allem Qualit\u00e4t \u2013 und dies in einer umfassenden Perspektive. So sind von uns geplanten Geb\u00e4ude wirtschaftlich effizient, umweltfreundlich und ressourcensparend. Sie sind f\u00fcr ihre Nutzer behaglich und gesund, und sie f\u00fcgen sich optimal in ihr Umfeld ein. Damit behalten nachhaltige Geb\u00e4ude langfristig ihren hohen Wert \u2013 f\u00fcr Investoren, Eigent\u00fcmer und Nutzer gleicherma\u00dfen.<\/p>\n\t\t\t\t\t\t<\/div>\n\t\t\t\t<\/div>\n\t\t\t\t<div class=\"elementor-element elementor-element-3a3600b elementor-widget elementor-widget-heading\" data-id=\"3a3600b\" data-element_type=\"widget\" data-widget_type=\"heading.default\">\n\t\t\t\t<div class=\"elementor-widget-container\">\n\t\t\t<h2 class=\"elementor-heading-title elementor-size-default\">\u017deljko Kri\u0161tofi\u0107 Dipl. Ing. Arch.<\/h2>\t\t<\/div>\n\t\t\t\t<\/div>\n\t\t\t\t<div class=\"elementor-element elementor-element-7298128 elementor-widget elementor-widget-heading\" data-id=\"7298128\" data-element_type=\"widget\" data-widget_type=\"heading.default\">\n\t\t\t\t<div class=\"elementor-widget-container\">\n\t\t\t<h5 class=\"elementor-heading-title elementor-size-default\">KURZLEBENSLAUF<\/h5>\t\t<\/div>\n\t\t\t\t<\/div>\n\t\t\t\t<div class=\"elementor-element elementor-element-a7df85a elementor-widget elementor-widget-text-editor\" data-id=\"a7df85a\" data-element_type=\"widget\" data-widget_type=\"text-editor.default\">\n\t\t\t\t<div class=\"elementor-widget-container\">\n\t\t\t\t\t\t\t<p><strong>Name:\u00a0\u00a0\u00a0\u00a0\u00a0\u00a0\u00a0\u00a0\u00a0\u00a0\u00a0\u00a0\u00a0\u00a0\u00a0\u00a0\u00a0\u00a0\u00a0\u00a0\u00a0 <\/strong>\u017deljko KRI\u0160TOFI\u0106<\/p>\n<p><strong>Titel:\u00a0\u00a0\u00a0\u00a0\u00a0\u00a0\u00a0\u00a0\u00a0\u00a0\u00a0\u00a0\u00a0\u00a0\u00a0\u00a0\u00a0\u00a0\u00a0\u00a0\u00a0\u00a0\u00a0 <\/strong>Diplomingenieur der Architektur<\/p>\n<p><strong>Geburstdatum:\u00a0\u00a0\u00a0\u00a0\u00a0\u00a0\u00a0 <\/strong>15.08.1959.<\/p>\n<p><strong>Geburtsort:\u00a0\u00a0\u00a0\u00a0\u00a0\u00a0\u00a0\u00a0\u00a0\u00a0\u00a0\u00a0\u00a0 <\/strong>Varazdin<\/p>\n<p><strong>Ausbildung:<\/strong><\/p>\n<p>1966-1974\u00a0\u00a0\u00a0\u00a0\u00a0\u00a0 Grundschule Cakovec<\/p>\n<p>1974-1976\u00a0\u00a0\u00a0\u00a0\u00a0\u00a0 Gymnasium Cakovec<\/p>\n<p>1976-1978\u00a0\u00a0\u00a0\u00a0\u00a0\u00a0 Gymnasium Varazdin<\/p>\n<p>1978-1984\u00a0\u00a0\u00a0\u00a0\u00a0\u00a0 Architekturfakult\u00e4t der Universitet in Zagreb<\/p>\n<p>Abschluss (1984)<\/p>\n<p><strong>Mitglidschaft: <\/strong>Kroatische Architektenkammer (HKA)<\/p>\n<p><strong>Sprachkentnisse:<\/strong><\/p>\n<p>Kroatisch\u00a0\u00a0\u00a0\u00a0\u00a0\u00a0\u00a0\u00a0 (Muttersprache)<\/p>\n<p>Deutsch\u00a0\u00a0\u00a0\u00a0\u00a0\u00a0\u00a0\u00a0\u00a0\u00a0 flie\u00dfend<\/p>\n<p>Englisch\u00a0\u00a0\u00a0\u00a0\u00a0\u00a0\u00a0\u00a0\u00a0\u00a0 flie\u00dfend<\/p>\n<p><strong>Computerkentnisse:<\/strong><\/p>\n<p>Autodesk AutoCAD\u00a0\u00a0\u00a0\u00a0\u00a0\u00a0\u00a0\u00a0\u00a0\u00a0\u00a0\u00a0\u00a0\u00a0\u00a0\u00a0\u00a0\u00a0\u00a0 sehr gut, 2D und 3D<\/p>\n<p>Microsoft Office Word, Excel\u00a0\u00a0\u00a0\u00a0 sehr gut<\/p>\n<p><strong>Besch\u00e4ftigung:<\/strong><\/p>\n<p>1984-2004\u00a0\u00a0\u00a0\u00a0\u00a0\u00a0 Planungsb\u00fcro der Firma \u201cMedjimurje Engineering\u201d AG Cakovec<\/p>\n<p>&#8211; Planer \/ Projektleiter<\/p>\n<p>1988\u00a0\u00a0\u00a0\u00a0\u00a0\u00a0\u00a0\u00a0\u00a0\u00a0\u00a0\u00a0\u00a0\u00a0\u00a0 Praktizierung im Architekturb\u00fcro in Darmstadt BRD<\/p>\n<p>2004\u00a0\u00a0\u00a0\u00a0\u00a0\u00a0\u00a0\u00a0\u00a0\u00a0\u00a0\u00a0\u00a0\u00a0\u00a0 Architekturb\u00fcro Kristofic GmbH<\/p>\n<p>&#8211; eigenes Architekturb\u00fcro<\/p>\n<p>&nbsp;<\/p>\n<p><strong>Referenzen:<\/strong><\/p>\n<p>1986\u00a0\u00a0\u00a0\u00a0\u00a0 Grundschule Cirkovljan<\/p>\n<p>1986\u00a0\u00a0\u00a0\u00a0\u00a0 Hochregallager Ivanec<\/p>\n<p>1987\u00a0\u00a0\u00a0\u00a0\u00a0 Schulwerkst\u00e4tten der mittleren Bauschule in Cakovec<\/p>\n<p>1987\u00a0\u00a0\u00a0\u00a0\u00a0 Laden Hlapicina<\/p>\n<p>1988\u00a0\u00a0\u00a0\u00a0\u00a0 Mitarbeit am Projekt des Wohnhauses Berlin Kurf\u00fcrstenstra\u00dfe 59 f\u00fcr die Internationale Bauausstellung in Berlin (IBA) im Arcihtekturb\u00fcro in Darmstadt.<\/p>\n<p>1989\u00a0\u00a0\u00a0\u00a0\u00a0 Zubau der Grundschule in Domasinec<\/p>\n<p>1989\u00a0\u00a0\u00a0\u00a0\u00a0 Schutzraum f\u00fcr 200 Personen in Hum na Sutli<\/p>\n<p>1989\u00a0\u00a0\u00a0\u00a0\u00a0 S\u00e4gewerk Gerovo<\/p>\n<p>1989\u00a0\u00a0\u00a0\u00a0\u00a0 Projekt der Produktionshalle mit Administrationsgeb\u00e4ude f\u00fcr die Firma Orenstein &amp; Koppel (O&amp;K) in Berlin \u2013 Koordinierung zwischen dem Kunden und Planer aus Deutschland auf einer Seite und der ausf\u00fchrenden Baufirma GK Medjimurje AG auf der anderen Seite.<\/p>\n<p>1990\u00a0\u00a0\u00a0\u00a0\u00a0 Lager f\u00fcr technische Gase in Cakovec<\/p>\n<p>1991\u00a0\u00a0\u00a0\u00a0\u00a0 Verwaltungsgeb\u00e4ude f\u00fcr die Kroatische Bahn in Varazdin<\/p>\n<p>1991\u00a0\u00a0\u00a0\u00a0\u00a0 Ambulanz in Hum na Sutli<\/p>\n<p>1993\u00a0\u00a0\u00a0\u00a0\u00a0 Verwaltungsgeb\u00e4ude Nedelisce<\/p>\n<p>1993\u00a0\u00a0\u00a0\u00a0\u00a0 Laden Vara\u017edin<\/p>\n<p>1993\u00a0\u00a0\u00a0\u00a0\u00a0 Kapelle Zasadbreg<\/p>\n<p>1994\u00a0\u00a0\u00a0\u00a0\u00a0 Wohn- und Gesch\u00e4ftshaus in Gorican<\/p>\n<p>1994-02 Projektleiter des Bauteiles der Wasseraufbereitungsanlage \u201eButoniga\u201c in Istrien. Die Anlage liefert Trinkwasser f\u00fcr die ganze Halbinsel Istrien in Kroatien. Das Wert des Projektes betrug \u00fcber 100 Mio. US$. Das Projekt wurde in Mitarbeit mit \u00f6sterreichischer Firma Aqua Engineering GmbH aus Salzburg, einer Tochterfirma des deutschen Konzerns Thyssen AG, die sp\u00e4ter von der \u00f6sterreichischen Firma BWT aus Mondsee \u00fcbernommen wurde.<\/p>\n<p>1995\u00a0\u00a0\u00a0\u00a0\u00a0 Produktionshalle mit Anex in Kotoriba<\/p>\n<p>1997\u00a0\u00a0\u00a0\u00a0\u00a0 Einkaufszentrum \u201eMegapark\u201c in Cakovec<\/p>\n<p>1999\u00a0\u00a0\u00a0\u00a0\u00a0 Trafostation 35\/20(10) kV Mursko Sredi\u0161\u0107e<\/p>\n<p>2001\u00a0\u00a0\u00a0\u00a0\u00a0 Lagerhalle mit Verwaltungsgebaude in Varazdin f\u00fcr die Firma Veting \u2013 Voest Alpine Stahlhandel, ca. 5.000 m<sup>2<\/sup>.<\/p>\n<p>2002\u00a0\u00a0\u00a0\u00a0\u00a0 Rekonstruktion des Geb\u00e4udes der kroatischen Wirtschaftskammer in Varazdin<\/p>\n<p>1997-04 Mehrere Gefl\u00fcgelst\u00e4lle<\/p>\n<p>2003\u00a0\u00a0\u00a0\u00a0\u00a0 Logistikzentralle Neckermann in Varazdin ca. 6.700 m<sup>2<\/sup>.<\/p>\n<p>2003\u00a0\u00a0\u00a0\u00a0\u00a0 Rekonstruktion eines Altersheimes in Varazdin<\/p>\n<p>2004\u00a0\u00a0\u00a0\u00a0\u00a0 Verwaltungsgeb\u00e4ude der Holzverarbeitungsfirma \u201ePana\u201c in Cakovec<\/p>\n<p>2005\u00a0\u00a0\u00a0\u00a0\u00a0 Ambulanzgeb\u00e4ude mit Apotheke in Semovec<\/p>\n<p>2007-15 Mehrere Rinder- und Schweinest\u00e4lle<\/p>\n<p>2014\u00a0\u00a0\u00a0\u00a0\u00a0 Wohn- und Gesch\u00e4ftsgeb\u00e4ude \u201eAuto Akcija\u201c Donji Kraljevec<\/p>\n<p>2017\u00a0\u00a0\u00a0\u00a0\u00a0 Kirchturm und Vordach f\u00fcr eine protestantische Kirche in Varazdin<\/p>\n<p>2018\u00a0\u00a0\u00a0\u00a0\u00a0 Sanierung einer Halle f\u00fcr Instandhaltung der neuen Nah und Fernverkehrsz\u00fcge in Varazdin<\/p>\n<p>2019\u00a0\u00a0\u00a0\u00a0\u00a0 Wohngeb\u00e4ude Fodor in Cakovec<\/p>\n<p>2020\u00a0\u00a0\u00a0\u00a0\u00a0 Einbau eines Aufzuges im Geb\u00e4ude der kroatischen Krankenkasse in Zagreb, Kloviceva Stra\u00dfe 1<\/p>\n<p>2020\u00a0\u00a0\u00a0\u00a0\u00a0 Hostel in Cakovec f\u00fcr den Bauherren Hit-Aj GmbH Cakovec<\/p>\n<p>2020\u00a0\u00a0\u00a0\u00a0\u00a0 Freistehende Photovoltaikanlage Bomark Pak in Ludbreg<\/p>\n<p>1986-23 Zahlreiche Ein- und Mehrfamilienh\u00e4user, sowie Gesch\u00e4ftsgeb\u00e4ude<\/p>\n\t\t\t\t\t\t<\/div>\n\t\t\t\t<\/div>\n\t\t\t\t\t<\/div>\n\t\t<\/div>\n\t\t\t\t\t\t\t<\/div>\n\t\t<\/section>\n\t\t\t\t<section class=\"elementor-section elementor-top-section elementor-element elementor-element-844f6ac elementor-section-boxed elementor-section-height-default elementor-section-height-default\" data-id=\"844f6ac\" data-element_type=\"section\">\n\t\t\t\t\t\t<div class=\"elementor-container elementor-column-gap-default\">\n\t\t\t\t\t<div class=\"elementor-column elementor-col-100 elementor-top-column elementor-element elementor-element-7e5a957\" data-id=\"7e5a957\" data-element_type=\"column\">\n\t\t\t<div class=\"elementor-widget-wrap elementor-element-populated\">\n\t\t\t\t\t\t\t\t<div class=\"elementor-element elementor-element-d3353ca elementor-widget elementor-widget-image\" data-id=\"d3353ca\" data-element_type=\"widget\" data-widget_type=\"image.default\">\n\t\t\t\t<div class=\"elementor-widget-container\">\n\t\t\t\t\t\t\t\t\t\t\t\t\t\t\t<img decoding=\"async\" loading=\"lazy\" width=\"300\" height=\"99\" src=\"https:\/\/abkristofic.hr\/wp-content\/uploads\/2020\/10\/ESI-logotip_boja_manji-300x99.png\" class=\"attachment-medium size-medium wp-image-66\" alt=\"\" srcset=\"https:\/\/abkristofic.hr\/wp-content\/uploads\/2020\/10\/ESI-logotip_boja_manji-300x99.png 300w, https:\/\/abkristofic.hr\/wp-content\/uploads\/2020\/10\/ESI-logotip_boja_manji-1024x337.png 1024w, https:\/\/abkristofic.hr\/wp-content\/uploads\/2020\/10\/ESI-logotip_boja_manji-768x253.png 768w, https:\/\/abkristofic.hr\/wp-content\/uploads\/2020\/10\/ESI-logotip_boja_manji.png 1256w\" sizes=\"(max-width: 300px) 100vw, 300px\" \/>\t\t\t\t\t\t\t\t\t\t\t\t\t\t\t<\/div>\n\t\t\t\t<\/div>\n\t\t\t\t<div class=\"elementor-element elementor-element-bdb3c08 elementor-widget elementor-widget-heading\" data-id=\"bdb3c08\" data-element_type=\"widget\" data-widget_type=\"heading.default\">\n\t\t\t\t<div class=\"elementor-widget-container\">\n\t\t\t<h2 class=\"elementor-heading-title elementor-size-default\">Projekt: Pove\u0107anje produktivnosti i konkurentnosti<\/h2>\t\t<\/div>\n\t\t\t\t<\/div>\n\t\t\t\t<div class=\"elementor-element elementor-element-3d7c67f elementor-widget elementor-widget-text-editor\" data-id=\"3d7c67f\" data-element_type=\"widget\" data-widget_type=\"text-editor.default\">\n\t\t\t\t<div class=\"elementor-widget-container\">\n\t\t\t\t\t\t\t<p>Prema NKD-u 2007 projekt se provodi u djelatnosti: <strong>In\u017eenjerstvo i s njim povezano tehni\u010dko savjetovanje 7112.<\/strong><\/p>\n<p>Problem koji se ovim projektom rje\u0161ava je opremanje firme i ure\u0111enje prostora gdje \u0107e nova oprema biti smje\u0161tena, a koje s obzirom na vi\u0161egodi\u0161nju krizu u gra\u0111evinskom sektoru i na drasti\u010dan pad cijena arhitektonskih i drugih projektantskih usluga nije mogu\u0107e rije\u0161iti sredstvima iz teku\u0107eg poslovanja. Projektom se pro\u0161iruje kapacitet postoje\u0107e poslovne jedinice u sektoru proizvodnih usluga, poslovanje firme di\u017ee se na vi\u0161i nivo, te se pove\u0107ava produktivnost i konkurentnost.<\/p>\n\t\t\t\t\t\t<\/div>\n\t\t\t\t<\/div>\n\t\t\t\t<div class=\"elementor-element elementor-element-bb61655 elementor-widget elementor-widget-heading\" data-id=\"bb61655\" data-element_type=\"widget\" data-widget_type=\"heading.default\">\n\t\t\t\t<div class=\"elementor-widget-container\">\n\t\t\t<h3 class=\"elementor-heading-title elementor-size-default\">CILJEVI I O\u010cEKIVANI REZULTATI<\/h3>\t\t<\/div>\n\t\t\t\t<\/div>\n\t\t\t\t<div class=\"elementor-element elementor-element-a867fca elementor-widget elementor-widget-text-editor\" data-id=\"a867fca\" data-element_type=\"widget\" data-widget_type=\"text-editor.default\">\n\t\t\t\t<div class=\"elementor-widget-container\">\n\t\t\t\t\t\t\t<p>Cilj projekta je da se nabavkom nove, moderne, uglavnom informati\u010dke opreme (hardware i software) prilago\u0111ene zahtjevnim poslovima obrade grafike, \u0161to je osnovna djelatnost firme, ure\u0111enjem prostora gdje \u0107e oprema biti smje\u0161tena i kori\u0161tena, te izradom nove, atraktivne internetske stranice omogu\u0107i podizanje kvalitete, efikasnosti i po\u0161tivanja rokova na nivo potreban za postizanje o\u010dekivanih rezultata u uvjetima recesije gra\u0111evinskog sektora.<\/p>\n<p>O\u010dekivani rezultati projekta su pove\u0107anje prihoda za 43% i zadr\u017eavanje dva postoje\u0107a radna mjesta.<\/p>\n\t\t\t\t\t\t<\/div>\n\t\t\t\t<\/div>\n\t\t\t\t\t<\/div>\n\t\t<\/div>\n\t\t\t\t\t\t\t<\/div>\n\t\t<\/section>\n\t\t\t\t\t\t\t<\/div>\n\t\t","protected":false},"excerpt":{"rendered":"<p>Die Firma Architekturb\u00fcro Kristofic GmbH, gek\u00fcrzt A B K GmbH ist im Privatbesitz und wurde im Jahre 1996 gegr\u00fcndet. Zur Zeit besch\u00e4ftigt die Firma zwei Mitarbeiter. Hauptt\u00e4tigkeit der Firma ist Planung der Hochbauten j\u00e4glicher Art. Als Generalplaner \u00fcbernehmen wir neben den Architekten- auch die Ingenieurleistungen aller Fachdisziplinen, wie Technische Ausr\u00fcstung, Tragwerksplanung, Bauphysik, Energieberatung, Brandschutz, etc. [&hellip;]<\/p>\n","protected":false},"author":1,"featured_media":669,"parent":0,"menu_order":0,"comment_status":"closed","ping_status":"closed","template":"","meta":{"inline_featured_image":false,"footnotes":""},"yoast_head":"<!-- This site is optimized with the Yoast SEO plugin v21.5 - https:\/\/yoast.com\/wordpress\/plugins\/seo\/ -->\n<title>\u00dcber Uns - Arhitektonski Biro Kri\u0161tofi\u0107<\/title>\n<meta name=\"robots\" content=\"index, follow, max-snippet:-1, max-image-preview:large, max-video-preview:-1\" \/>\n<link rel=\"canonical\" href=\"https:\/\/abkristofic.hr\/de\/ueber-uns\/\" \/>\n<meta property=\"og:locale\" content=\"de_DE\" \/>\n<meta property=\"og:type\" content=\"article\" \/>\n<meta property=\"og:title\" content=\"\u00dcber Uns - Arhitektonski Biro Kri\u0161tofi\u0107\" \/>\n<meta property=\"og:description\" content=\"Die Firma Architekturb\u00fcro Kristofic GmbH, gek\u00fcrzt A B K GmbH ist im Privatbesitz und wurde im Jahre 1996 gegr\u00fcndet. Zur Zeit besch\u00e4ftigt die Firma zwei Mitarbeiter. Hauptt\u00e4tigkeit der Firma ist Planung der Hochbauten j\u00e4glicher Art. Als Generalplaner \u00fcbernehmen wir neben den Architekten- auch die Ingenieurleistungen aller Fachdisziplinen, wie Technische Ausr\u00fcstung, Tragwerksplanung, Bauphysik, Energieberatung, Brandschutz, etc. [&hellip;]\" \/>\n<meta property=\"og:url\" content=\"https:\/\/abkristofic.hr\/de\/ueber-uns\/\" \/>\n<meta property=\"og:site_name\" content=\"Arhitektonski Biro Kri\u0161tofi\u0107\" \/>\n<meta property=\"article:modified_time\" content=\"2023-11-03T09:30:55+00:00\" \/>\n<meta property=\"og:image\" content=\"https:\/\/abkristofic.hr\/wp-content\/uploads\/2020\/12\/P7260169-scaled.jpg\" \/>\n\t<meta property=\"og:image:width\" content=\"2560\" \/>\n\t<meta property=\"og:image:height\" content=\"1920\" \/>\n\t<meta property=\"og:image:type\" content=\"image\/jpeg\" \/>\n<meta name=\"twitter:card\" content=\"summary_large_image\" \/>\n<meta name=\"twitter:label1\" content=\"Gesch\u00e4tzte Lesezeit\" \/>\n\t<meta name=\"twitter:data1\" content=\"4\u00a0Minuten\" \/>\n<script type=\"application\/ld+json\" class=\"yoast-schema-graph\">{\"@context\":\"https:\/\/schema.org\",\"@graph\":[{\"@type\":\"WebPage\",\"@id\":\"https:\/\/abkristofic.hr\/de\/ueber-uns\/\",\"url\":\"https:\/\/abkristofic.hr\/de\/ueber-uns\/\",\"name\":\"\u00dcber Uns - Arhitektonski Biro Kri\u0161tofi\u0107\",\"isPartOf\":{\"@id\":\"https:\/\/abkristofic.hr\/de\/#website\"},\"datePublished\":\"2023-11-03T09:30:54+00:00\",\"dateModified\":\"2023-11-03T09:30:55+00:00\",\"breadcrumb\":{\"@id\":\"https:\/\/abkristofic.hr\/de\/ueber-uns\/#breadcrumb\"},\"inLanguage\":\"de\",\"potentialAction\":[{\"@type\":\"ReadAction\",\"target\":[\"https:\/\/abkristofic.hr\/de\/ueber-uns\/\"]}]},{\"@type\":\"BreadcrumbList\",\"@id\":\"https:\/\/abkristofic.hr\/de\/ueber-uns\/#breadcrumb\",\"itemListElement\":[{\"@type\":\"ListItem\",\"position\":1,\"name\":\"Startseite\",\"item\":\"https:\/\/abkristofic.hr\/de\/\"},{\"@type\":\"ListItem\",\"position\":2,\"name\":\"\u00dcber Uns\"}]},{\"@type\":\"WebSite\",\"@id\":\"https:\/\/abkristofic.hr\/de\/#website\",\"url\":\"https:\/\/abkristofic.hr\/de\/\",\"name\":\"Arhitektonski Biro Kri\u0161tofi\u0107\",\"description\":\"Arhitektonski Biro Kri\u0161tofi\u0107\",\"publisher\":{\"@id\":\"https:\/\/abkristofic.hr\/de\/#organization\"},\"potentialAction\":[{\"@type\":\"SearchAction\",\"target\":{\"@type\":\"EntryPoint\",\"urlTemplate\":\"https:\/\/abkristofic.hr\/de\/?s={search_term_string}\"},\"query-input\":\"required name=search_term_string\"}],\"inLanguage\":\"de\"},{\"@type\":\"Organization\",\"@id\":\"https:\/\/abkristofic.hr\/de\/#organization\",\"name\":\"Arhitektonski Biro Kri\u0161tofi\u0107\",\"url\":\"https:\/\/abkristofic.hr\/de\/\",\"logo\":{\"@type\":\"ImageObject\",\"inLanguage\":\"de\",\"@id\":\"https:\/\/abkristofic.hr\/de\/#\/schema\/logo\/image\/\",\"url\":\"https:\/\/abkristofic.hr\/wp-content\/uploads\/2020\/10\/abk_logo_puni.svg\",\"contentUrl\":\"https:\/\/abkristofic.hr\/wp-content\/uploads\/2020\/10\/abk_logo_puni.svg\",\"caption\":\"Arhitektonski Biro Kri\u0161tofi\u0107\"},\"image\":{\"@id\":\"https:\/\/abkristofic.hr\/de\/#\/schema\/logo\/image\/\"}}]}<\/script>\n<!-- \/ Yoast SEO plugin. -->","yoast_head_json":{"title":"\u00dcber Uns - Arhitektonski Biro Kri\u0161tofi\u0107","robots":{"index":"index","follow":"follow","max-snippet":"max-snippet:-1","max-image-preview":"max-image-preview:large","max-video-preview":"max-video-preview:-1"},"canonical":"https:\/\/abkristofic.hr\/de\/ueber-uns\/","og_locale":"de_DE","og_type":"article","og_title":"\u00dcber Uns - Arhitektonski Biro Kri\u0161tofi\u0107","og_description":"Die Firma Architekturb\u00fcro Kristofic GmbH, gek\u00fcrzt A B K GmbH ist im Privatbesitz und wurde im Jahre 1996 gegr\u00fcndet. Zur Zeit besch\u00e4ftigt die Firma zwei Mitarbeiter. Hauptt\u00e4tigkeit der Firma ist Planung der Hochbauten j\u00e4glicher Art. Als Generalplaner \u00fcbernehmen wir neben den Architekten- auch die Ingenieurleistungen aller Fachdisziplinen, wie Technische Ausr\u00fcstung, Tragwerksplanung, Bauphysik, Energieberatung, Brandschutz, etc. [&hellip;]","og_url":"https:\/\/abkristofic.hr\/de\/ueber-uns\/","og_site_name":"Arhitektonski Biro Kri\u0161tofi\u0107","article_modified_time":"2023-11-03T09:30:55+00:00","og_image":[{"width":2560,"height":1920,"url":"https:\/\/abkristofic.hr\/wp-content\/uploads\/2020\/12\/P7260169-scaled.jpg","type":"image\/jpeg"}],"twitter_card":"summary_large_image","twitter_misc":{"Gesch\u00e4tzte Lesezeit":"4\u00a0Minuten"},"schema":{"@context":"https:\/\/schema.org","@graph":[{"@type":"WebPage","@id":"https:\/\/abkristofic.hr\/de\/ueber-uns\/","url":"https:\/\/abkristofic.hr\/de\/ueber-uns\/","name":"\u00dcber Uns - Arhitektonski Biro Kri\u0161tofi\u0107","isPartOf":{"@id":"https:\/\/abkristofic.hr\/de\/#website"},"datePublished":"2023-11-03T09:30:54+00:00","dateModified":"2023-11-03T09:30:55+00:00","breadcrumb":{"@id":"https:\/\/abkristofic.hr\/de\/ueber-uns\/#breadcrumb"},"inLanguage":"de","potentialAction":[{"@type":"ReadAction","target":["https:\/\/abkristofic.hr\/de\/ueber-uns\/"]}]},{"@type":"BreadcrumbList","@id":"https:\/\/abkristofic.hr\/de\/ueber-uns\/#breadcrumb","itemListElement":[{"@type":"ListItem","position":1,"name":"Startseite","item":"https:\/\/abkristofic.hr\/de\/"},{"@type":"ListItem","position":2,"name":"\u00dcber Uns"}]},{"@type":"WebSite","@id":"https:\/\/abkristofic.hr\/de\/#website","url":"https:\/\/abkristofic.hr\/de\/","name":"Arhitektonski Biro Kri\u0161tofi\u0107","description":"Arhitektonski Biro Kri\u0161tofi\u0107","publisher":{"@id":"https:\/\/abkristofic.hr\/de\/#organization"},"potentialAction":[{"@type":"SearchAction","target":{"@type":"EntryPoint","urlTemplate":"https:\/\/abkristofic.hr\/de\/?s={search_term_string}"},"query-input":"required name=search_term_string"}],"inLanguage":"de"},{"@type":"Organization","@id":"https:\/\/abkristofic.hr\/de\/#organization","name":"Arhitektonski Biro Kri\u0161tofi\u0107","url":"https:\/\/abkristofic.hr\/de\/","logo":{"@type":"ImageObject","inLanguage":"de","@id":"https:\/\/abkristofic.hr\/de\/#\/schema\/logo\/image\/","url":"https:\/\/abkristofic.hr\/wp-content\/uploads\/2020\/10\/abk_logo_puni.svg","contentUrl":"https:\/\/abkristofic.hr\/wp-content\/uploads\/2020\/10\/abk_logo_puni.svg","caption":"Arhitektonski Biro Kri\u0161tofi\u0107"},"image":{"@id":"https:\/\/abkristofic.hr\/de\/#\/schema\/logo\/image\/"}}]}},"_links":{"self":[{"href":"https:\/\/abkristofic.hr\/de\/wp-json\/wp\/v2\/pages\/680"}],"collection":[{"href":"https:\/\/abkristofic.hr\/de\/wp-json\/wp\/v2\/pages"}],"about":[{"href":"https:\/\/abkristofic.hr\/de\/wp-json\/wp\/v2\/types\/page"}],"author":[{"embeddable":true,"href":"https:\/\/abkristofic.hr\/de\/wp-json\/wp\/v2\/users\/1"}],"replies":[{"embeddable":true,"href":"https:\/\/abkristofic.hr\/de\/wp-json\/wp\/v2\/comments?post=680"}],"version-history":[{"count":1,"href":"https:\/\/abkristofic.hr\/de\/wp-json\/wp\/v2\/pages\/680\/revisions"}],"predecessor-version":[{"id":681,"href":"https:\/\/abkristofic.hr\/de\/wp-json\/wp\/v2\/pages\/680\/revisions\/681"}],"wp:featuredmedia":[{"embeddable":true,"href":"https:\/\/abkristofic.hr\/de\/wp-json\/wp\/v2\/media\/669"}],"wp:attachment":[{"href":"https:\/\/abkristofic.hr\/de\/wp-json\/wp\/v2\/media?parent=680"}],"curies":[{"name":"wp","href":"https:\/\/api.w.org\/{rel}","templated":true}]}}